{"id":30145,"date":"2024-11-26T10:59:57","date_gmt":"2024-11-26T09:59:57","guid":{"rendered":"https:\/\/connect.emploitic.com\/?page_id=30145"},"modified":"2025-09-22T12:05:41","modified_gmt":"2025-09-22T10:05:41","slug":"sponsor","status":"publish","type":"page","link":"https:\/\/connect.emploitic.com\/index.php\/sponsor\/","title":{"rendered":"Sponsor"},"content":{"rendered":"\t\t<div data-elementor-type=\"wp-page\" data-elementor-id=\"30145\" class=\"elementor elementor-30145\">\n\t\t\t\t\t\t<section class=\"elementor-section elementor-top-section elementor-element elementor-element-9d6d6c7 elementor-section-full_width elementor-section-height-default elementor-section-height-default exad-glass-effect-no wpr-particle-no wpr-jarallax-no wpr-parallax-no wpr-sticky-section-no exad-sticky-section-no\" data-id=\"9d6d6c7\" data-element_type=\"section\">\n\t\t\t\t\t\t<div class=\"elementor-container elementor-column-gap-default\">\n\t\t\t\t\t<div class=\"elementor-column elementor-col-100 elementor-top-column elementor-element elementor-element-9e42889 exad-glass-effect-no exad-sticky-section-no\" data-id=\"9e42889\" data-element_type=\"column\">\n\t\t\t<div class=\"elementor-widget-wrap elementor-element-populated\">\n\t\t\t\t\t\t<div class=\"elementor-element elementor-element-2847207 exad-sticky-section-no exad-glass-effect-no elementor-widget elementor-widget-heading\" data-id=\"2847207\" data-element_type=\"widget\" data-widget_type=\"heading.default\">\n\t\t\t\t<div class=\"elementor-widget-container\">\n\t\t\t<h2 class=\"elementor-heading-title elementor-size-default\">Devenez un partenaire privil\u00e9gi\u00e9 du plus grand salon <br>de recrutement en Alg\u00e9rie !<\/h2>\t\t<\/div>\n\t\t\t\t<\/div>\n\t\t\t\t\t<\/div>\n\t\t<\/div>\n\t\t\t\t\t<\/div>\n\t\t<\/section>\n\t\t\t\t<section class=\"elementor-section elementor-top-section elementor-element elementor-element-3d750cd elementor-section-boxed elementor-section-height-default elementor-section-height-default exad-glass-effect-no wpr-particle-no wpr-jarallax-no wpr-parallax-no wpr-sticky-section-no exad-sticky-section-no\" data-id=\"3d750cd\" data-element_type=\"section\">\n\t\t\t\t\t\t<div class=\"elementor-container elementor-column-gap-default\">\n\t\t\t\t\t<div class=\"elementor-column elementor-col-25 elementor-top-column elementor-element elementor-element-83802e5 exad-glass-effect-no exad-sticky-section-no\" data-id=\"83802e5\" data-element_type=\"column\">\n\t\t\t<div class=\"elementor-widget-wrap elementor-element-populated\">\n\t\t\t\t\t\t<section class=\"elementor-section elementor-inner-section elementor-element elementor-element-5ca16dc elementor-section-boxed elementor-section-height-default elementor-section-height-default exad-glass-effect-no wpr-particle-no wpr-jarallax-no wpr-parallax-no wpr-sticky-section-no exad-sticky-section-no\" data-id=\"5ca16dc\" data-element_type=\"section\">\n\t\t\t\t\t\t<div class=\"elementor-container elementor-column-gap-default\">\n\t\t\t\t\t<div class=\"elementor-column elementor-col-100 elementor-inner-column elementor-element elementor-element-8b1c6ea exad-glass-effect-no exad-sticky-section-no\" data-id=\"8b1c6ea\" data-element_type=\"column\" data-settings=\"{&quot;background_background&quot;:&quot;classic&quot;}\">\n\t\t\t<div class=\"elementor-widget-wrap elementor-element-populated\">\n\t\t\t\t\t\t<div class=\"elementor-element elementor-element-35b653c exad-sticky-section-no exad-glass-effect-no elementor-widget elementor-widget-heading\" data-id=\"35b653c\" data-element_type=\"widget\" data-widget_type=\"heading.default\">\n\t\t\t\t<div class=\"elementor-widget-container\">\n\t\t\t<h2 class=\"elementor-heading-title elementor-size-default\">Sponsor Platinium<\/h2>\t\t<\/div>\n\t\t\t\t<\/div>\n\t\t\t\t<div class=\"elementor-element elementor-element-ed661ca exad-sticky-section-no exad-glass-effect-no elementor-widget elementor-widget-text-editor\" data-id=\"ed661ca\" data-element_type=\"widget\" data-widget_type=\"text-editor.default\">\n\t\t\t\t<div class=\"elementor-widget-container\">\n\t\t\t\t\t\t\t<ul>\n<li><b>Logo sur<\/b><span style=\"font-weight: 400;\"> <\/span><b>tous les supports<\/b><span style=\"font-weight: 400;\"> <\/span><b>(mailings, RS, affichage, \u00e9crans, bornes, salle conf.)<\/b><\/li>\n<li><b>Stand 66 m\u00b2<\/b><\/li>\n<li><b>1 conf\u00e9rence (30 min) + 1 Masterclass (1h)<\/b><b><br><\/b><\/li>\n<li><b>Acc\u00e8s au<\/b><span style=\"font-weight: 400;\"> <\/span><b>Studio Marque Employeur<\/b><\/li>\n<li><b>5 mailings d\u2019invitations personnalis\u00e9s<\/b><\/li>\n<li><b>Posts sponsoris\u00e9s<\/b><span style=\"font-weight: 400;\"> <\/span><b>sur RS<\/b><\/li>\n<li><b>Passages TV &amp; Radio<\/b><\/li>\n<li style=\"\" aria-level=\"1\"><b>Pr\u00e9sence dans la<\/b><span style=\"font-weight: 400;\"> <\/span><b style=\"\">vid\u00e9o r\u00e9cap &amp; newsletter<\/b><\/li>\n<\/ul>\t\t\t\t\t\t<\/div>\n\t\t\t\t<\/div>\n\t\t\t\t\t<\/div>\n\t\t<\/div>\n\t\t\t\t\t<\/div>\n\t\t<\/section>\n\t\t\t\t\t<\/div>\n\t\t<\/div>\n\t\t\t\t<div class=\"elementor-column elementor-col-25 elementor-top-column elementor-element elementor-element-7197e95 exad-glass-effect-no exad-sticky-section-no\" data-id=\"7197e95\" data-element_type=\"column\">\n\t\t\t<div class=\"elementor-widget-wrap elementor-element-populated\">\n\t\t\t\t\t\t<section class=\"elementor-section elementor-inner-section elementor-element elementor-element-8c15562 elementor-section-boxed elementor-section-height-default elementor-section-height-default exad-glass-effect-no wpr-particle-no wpr-jarallax-no wpr-parallax-no wpr-sticky-section-no exad-sticky-section-no\" data-id=\"8c15562\" data-element_type=\"section\">\n\t\t\t\t\t\t<div class=\"elementor-container elementor-column-gap-default\">\n\t\t\t\t\t<div class=\"elementor-column elementor-col-100 elementor-inner-column elementor-element elementor-element-9a6228c exad-glass-effect-no exad-sticky-section-no\" data-id=\"9a6228c\" data-element_type=\"column\" data-settings=\"{&quot;background_background&quot;:&quot;classic&quot;}\">\n\t\t\t<div class=\"elementor-widget-wrap elementor-element-populated\">\n\t\t\t\t\t\t<div class=\"elementor-element elementor-element-711348c exad-sticky-section-no exad-glass-effect-no elementor-widget elementor-widget-heading\" data-id=\"711348c\" data-element_type=\"widget\" data-widget_type=\"heading.default\">\n\t\t\t\t<div class=\"elementor-widget-container\">\n\t\t\t<h2 class=\"elementor-heading-title elementor-size-default\">Sponsor Gold<\/h2>\t\t<\/div>\n\t\t\t\t<\/div>\n\t\t\t\t<div class=\"elementor-element elementor-element-3c0b41a exad-sticky-section-no exad-glass-effect-no elementor-widget elementor-widget-text-editor\" data-id=\"3c0b41a\" data-element_type=\"widget\" data-widget_type=\"text-editor.default\">\n\t\t\t\t<div class=\"elementor-widget-container\">\n\t\t\t\t\t\t\t<ul><li><b>Logo sur tous les supports<\/b><\/li><li><b>Stand 48 m\u00b2<\/b><\/li><li><b>1 conf\u00e9rence + 1 Masterclass<\/b><\/li><li><b>Acc\u00e8s au Studio Marque Employeur<\/b><\/li><li><b>3 mailings d\u2019invitations personnalis\u00e9s<\/b><b><br \/><\/b><\/li><li><b>Posts sponsoris\u00e9s sur RS<\/b><\/li><li><b>Passages TV &amp; Radio<\/b><\/li><li><b>Pr\u00e9sence dans la vid\u00e9o r\u00e9cap &amp; newsletter<\/b><\/li><\/ul>\t\t\t\t\t\t<\/div>\n\t\t\t\t<\/div>\n\t\t\t\t\t<\/div>\n\t\t<\/div>\n\t\t\t\t\t<\/div>\n\t\t<\/section>\n\t\t\t\t\t<\/div>\n\t\t<\/div>\n\t\t\t\t<div class=\"elementor-column elementor-col-25 elementor-top-column elementor-element elementor-element-5835562 exad-glass-effect-no exad-sticky-section-no\" data-id=\"5835562\" data-element_type=\"column\">\n\t\t\t<div class=\"elementor-widget-wrap elementor-element-populated\">\n\t\t\t\t\t\t<section class=\"elementor-section elementor-inner-section elementor-element elementor-element-975a41e elementor-section-boxed elementor-section-height-default elementor-section-height-default exad-glass-effect-no wpr-particle-no wpr-jarallax-no wpr-parallax-no wpr-sticky-section-no exad-sticky-section-no\" data-id=\"975a41e\" data-element_type=\"section\">\n\t\t\t\t\t\t<div class=\"elementor-container elementor-column-gap-default\">\n\t\t\t\t\t<div class=\"elementor-column elementor-col-100 elementor-inner-column elementor-element elementor-element-f0e8327 exad-glass-effect-no exad-sticky-section-no\" data-id=\"f0e8327\" data-element_type=\"column\" data-settings=\"{&quot;background_background&quot;:&quot;classic&quot;}\">\n\t\t\t<div class=\"elementor-widget-wrap elementor-element-populated\">\n\t\t\t\t\t\t<div class=\"elementor-element elementor-element-c0e6ff4 exad-sticky-section-no exad-glass-effect-no elementor-widget elementor-widget-heading\" data-id=\"c0e6ff4\" data-element_type=\"widget\" data-widget_type=\"heading.default\">\n\t\t\t\t<div class=\"elementor-widget-container\">\n\t\t\t<h2 class=\"elementor-heading-title elementor-size-default\">Sponsor Silver<\/h2>\t\t<\/div>\n\t\t\t\t<\/div>\n\t\t\t\t<div class=\"elementor-element elementor-element-10c5764 exad-sticky-section-no exad-glass-effect-no elementor-widget elementor-widget-text-editor\" data-id=\"10c5764\" data-element_type=\"widget\" data-widget_type=\"text-editor.default\">\n\t\t\t\t<div class=\"elementor-widget-container\">\n\t\t\t\t\t\t\t<ul><li aria-level=\"1\"><b>Logo sur tous les supports<\/b><\/li><li aria-level=\"1\"><b>Stand 34 m\u00b2<\/b><\/li><li aria-level=\"1\"><b>1 conf\u00e9rence + 1 Masterclass<\/b><\/li><li aria-level=\"1\"><b>Acc\u00e8s au Studio Marque Employeur<\/b><\/li><li aria-level=\"1\"><b>2 mailings d\u2019invitations personnalis\u00e9s<\/b><\/li><li aria-level=\"1\"><b>Posts sponsoris\u00e9s sur RS<\/b><\/li><li aria-level=\"1\"><b>Passages TV &amp; Radio<\/b><\/li><li aria-level=\"1\"><b>Pr\u00e9sence dans la vid\u00e9o r\u00e9cap &amp; newsletter<\/b><\/li><\/ul>\t\t\t\t\t\t<\/div>\n\t\t\t\t<\/div>\n\t\t\t\t\t<\/div>\n\t\t<\/div>\n\t\t\t\t\t<\/div>\n\t\t<\/section>\n\t\t\t\t\t<\/div>\n\t\t<\/div>\n\t\t\t\t<div class=\"elementor-column elementor-col-25 elementor-top-column elementor-element elementor-element-5c33151 exad-glass-effect-no exad-sticky-section-no\" data-id=\"5c33151\" data-element_type=\"column\">\n\t\t\t<div class=\"elementor-widget-wrap elementor-element-populated\">\n\t\t\t\t\t\t<section class=\"elementor-section elementor-inner-section elementor-element elementor-element-9678fdb elementor-section-boxed elementor-section-height-default elementor-section-height-default exad-glass-effect-no wpr-particle-no wpr-jarallax-no wpr-parallax-no wpr-sticky-section-no exad-sticky-section-no\" data-id=\"9678fdb\" data-element_type=\"section\">\n\t\t\t\t\t\t<div class=\"elementor-container elementor-column-gap-default\">\n\t\t\t\t\t<div class=\"elementor-column elementor-col-100 elementor-inner-column elementor-element elementor-element-2a0bb5c exad-glass-effect-no exad-sticky-section-no\" data-id=\"2a0bb5c\" data-element_type=\"column\" data-settings=\"{&quot;background_background&quot;:&quot;classic&quot;}\">\n\t\t\t<div class=\"elementor-widget-wrap elementor-element-populated\">\n\t\t\t\t\t\t<div class=\"elementor-element elementor-element-671871b exad-sticky-section-no exad-glass-effect-no elementor-widget elementor-widget-heading\" data-id=\"671871b\" data-element_type=\"widget\" data-widget_type=\"heading.default\">\n\t\t\t\t<div class=\"elementor-widget-container\">\n\t\t\t<h2 class=\"elementor-heading-title elementor-size-default\">Sponsor Bronze<\/h2>\t\t<\/div>\n\t\t\t\t<\/div>\n\t\t\t\t<div class=\"elementor-element elementor-element-27a74ad exad-sticky-section-no exad-glass-effect-no elementor-widget elementor-widget-text-editor\" data-id=\"27a74ad\" data-element_type=\"widget\" data-widget_type=\"text-editor.default\">\n\t\t\t\t<div class=\"elementor-widget-container\">\n\t\t\t\t\t\t\t<ul>\n \t<li aria-level=\"1\"><b>Logo sur tous les supports<\/b><\/li>\n \t<li aria-level=\"1\"><b>Stand 24 m\u00b2<\/b><\/li>\n \t<li aria-level=\"1\"><b>1 conf\u00e9rence + 1 Masterclass<\/b><\/li>\n \t<li aria-level=\"1\"><b>1 mailing d\u2019invitations personnalis\u00e9<\/b><\/li>\n \t<li aria-level=\"1\"><b>Posts sponsoris\u00e9s sur RS<\/b><\/li>\n \t<li aria-level=\"1\"><b>Passages TV &amp; Radio<\/b><\/li>\n \t<li aria-level=\"1\"><b>Pr\u00e9sence dans la vid\u00e9o r\u00e9cap &amp; newsletter<\/b><\/li>\n<\/ul>\t\t\t\t\t\t<\/div>\n\t\t\t\t<\/div>\n\t\t\t\t\t<\/div>\n\t\t<\/div>\n\t\t\t\t\t<\/div>\n\t\t<\/section>\n\t\t\t\t\t<\/div>\n\t\t<\/div>\n\t\t\t\t\t<\/div>\n\t\t<\/section>\n\t\t\t\t<\/div>\n\t\t","protected":false},"excerpt":{"rendered":"<p>Devenez un partenaire privil\u00e9gi\u00e9 du plus grand salon de recrutement en Alg\u00e9rie ! Sponsor Platinium Logo sur tous les supports (mailings, RS, affichage, \u00e9crans, bornes, salle conf.) Stand 66 m\u00b2 1 conf\u00e9rence (30 min) + 1 Masterclass (1h) Acc\u00e8s au Studio Marque Employeur 5 mailings d\u2019invitations personnalis\u00e9s Posts sponsoris\u00e9s sur RS Passages TV &amp; Radio Pr\u00e9sence dans la vid\u00e9o r\u00e9cap &amp; newsletter Sponsor Gold Logo sur tous les supports Stand 48 m\u00b2 1 conf\u00e9rence + 1 Masterclass Acc\u00e8s au Studio Marque Employeur 3 mailings d\u2019invitations personnalis\u00e9s Posts sponsoris\u00e9s sur RS Passages TV &amp; Radio Pr\u00e9sence dans la vid\u00e9o r\u00e9cap &amp; newsletter Sponsor Silver Logo sur tous les supports Stand 34 m\u00b2 1 conf\u00e9rence + 1 Masterclass Acc\u00e8s au Studio Marque Employeur 2 mailings d\u2019invitations personnalis\u00e9s Posts sponsoris\u00e9s sur RS Passages TV &amp; Radio Pr\u00e9sence dans la vid\u00e9o r\u00e9cap &amp; newsletter Sponsor Bronze Logo sur tous les supports Stand 24 m\u00b2 1 conf\u00e9rence + 1 Masterclass 1 mailing d\u2019invitations personnalis\u00e9 Posts sponsoris\u00e9s sur RS Passages TV &amp; Radio Pr\u00e9sence dans la vid\u00e9o r\u00e9cap &amp; newsletter<\/p>\n","protected":false},"author":3,"featured_media":31002,"parent":0,"menu_order":0,"comment_status":"closed","ping_status":"closed","template":"elementor_header_footer","meta":{"om_disable_all_campaigns":false,"_monsterinsights_skip_tracking":false,"_monsterinsights_sitenote_active":false,"_monsterinsights_sitenote_note":"","_monsterinsights_sitenote_category":0,"footnotes":""},"class_list":["post-30145","page","type-page","status-publish","has-post-thumbnail","hentry"],"yoast_head":"<!-- This site is optimized with the Yoast SEO plugin v25.8 - https:\/\/yoast.com\/wordpress\/plugins\/seo\/ -->\n<title>Sponsor - Connect<\/title>\n<meta name=\"robots\" content=\"index, follow, max-snippet:-1, max-image-preview:large, max-video-preview:-1\" \/>\n<link rel=\"canonical\" href=\"https:\/\/connect.emploitic.com\/index.php\/sponsor\/\" \/>\n<meta property=\"og:locale\" content=\"en_US\" \/>\n<meta property=\"og:type\" content=\"article\" \/>\n<meta property=\"og:title\" content=\"Sponsor - Connect\" \/>\n<meta property=\"og:description\" content=\"Devenez un partenaire privil\u00e9gi\u00e9 du plus grand salon de recrutement en Alg\u00e9rie ! Sponsor Platinium Logo sur tous les supports (mailings, RS, affichage, \u00e9crans, bornes, salle conf.) Stand 66 m\u00b2 1 conf\u00e9rence (30 min) + 1 Masterclass (1h) Acc\u00e8s au Studio Marque Employeur 5 mailings d\u2019invitations personnalis\u00e9s Posts sponsoris\u00e9s sur RS Passages TV &amp; Radio Pr\u00e9sence dans la vid\u00e9o r\u00e9cap &amp; newsletter Sponsor Gold Logo sur tous les supports Stand 48 m\u00b2 1 conf\u00e9rence + 1 Masterclass Acc\u00e8s au Studio Marque Employeur 3 mailings d\u2019invitations personnalis\u00e9s Posts sponsoris\u00e9s sur RS Passages TV &amp; Radio Pr\u00e9sence dans la vid\u00e9o r\u00e9cap &amp; newsletter Sponsor Silver Logo sur tous les supports Stand 34 m\u00b2 1 conf\u00e9rence + 1 Masterclass Acc\u00e8s au Studio Marque Employeur 2 mailings d\u2019invitations personnalis\u00e9s Posts sponsoris\u00e9s sur RS Passages TV &amp; Radio Pr\u00e9sence dans la vid\u00e9o r\u00e9cap &amp; newsletter Sponsor Bronze Logo sur tous les supports Stand 24 m\u00b2 1 conf\u00e9rence + 1 Masterclass 1 mailing d\u2019invitations personnalis\u00e9 Posts sponsoris\u00e9s sur RS Passages TV &amp; Radio Pr\u00e9sence dans la vid\u00e9o r\u00e9cap &amp; newsletter\" \/>\n<meta property=\"og:url\" content=\"https:\/\/connect.emploitic.com\/index.php\/sponsor\/\" \/>\n<meta property=\"og:site_name\" content=\"Connect\" \/>\n<meta property=\"article:publisher\" content=\"http:\/\/www.facebook.com\/Emploiticcom\" \/>\n<meta property=\"article:modified_time\" content=\"2025-09-22T10:05:41+00:00\" \/>\n<meta property=\"og:image\" content=\"https:\/\/connect.emploitic.com\/wp-content\/uploads\/2025\/09\/cover-mailing-CO26Artboard-29-copy.png\" \/>\n\t<meta property=\"og:image:width\" content=\"2401\" \/>\n\t<meta property=\"og:image:height\" content=\"1401\" \/>\n\t<meta property=\"og:image:type\" content=\"image\/png\" \/>\n<meta name=\"twitter:card\" content=\"summary_large_image\" \/>\n<meta name=\"twitter:site\" content=\"@_Emploitic_\" \/>\n<meta name=\"twitter:label1\" content=\"Est. reading time\" \/>\n\t<meta name=\"twitter:data1\" content=\"1 minute\" \/>\n<script type=\"application\/ld+json\" class=\"yoast-schema-graph\">{\"@context\":\"https:\/\/schema.org\",\"@graph\":[{\"@type\":\"WebPage\",\"@id\":\"https:\/\/connect.emploitic.com\/index.php\/sponsor\/\",\"url\":\"https:\/\/connect.emploitic.com\/index.php\/sponsor\/\",\"name\":\"Sponsor - Connect\",\"isPartOf\":{\"@id\":\"https:\/\/connect.emploitic.com\/#website\"},\"primaryImageOfPage\":{\"@id\":\"https:\/\/connect.emploitic.com\/index.php\/sponsor\/#primaryimage\"},\"image\":{\"@id\":\"https:\/\/connect.emploitic.com\/index.php\/sponsor\/#primaryimage\"},\"thumbnailUrl\":\"https:\/\/connect.emploitic.com\/wp-content\/uploads\/2025\/09\/cover-mailing-CO26Artboard-29-copy.png\",\"datePublished\":\"2024-11-26T09:59:57+00:00\",\"dateModified\":\"2025-09-22T10:05:41+00:00\",\"breadcrumb\":{\"@id\":\"https:\/\/connect.emploitic.com\/index.php\/sponsor\/#breadcrumb\"},\"inLanguage\":\"en-US\",\"potentialAction\":[{\"@type\":\"ReadAction\",\"target\":[\"https:\/\/connect.emploitic.com\/index.php\/sponsor\/\"]}]},{\"@type\":\"ImageObject\",\"inLanguage\":\"en-US\",\"@id\":\"https:\/\/connect.emploitic.com\/index.php\/sponsor\/#primaryimage\",\"url\":\"https:\/\/connect.emploitic.com\/wp-content\/uploads\/2025\/09\/cover-mailing-CO26Artboard-29-copy.png\",\"contentUrl\":\"https:\/\/connect.emploitic.com\/wp-content\/uploads\/2025\/09\/cover-mailing-CO26Artboard-29-copy.png\",\"width\":2401,\"height\":1401},{\"@type\":\"BreadcrumbList\",\"@id\":\"https:\/\/connect.emploitic.com\/index.php\/sponsor\/#breadcrumb\",\"itemListElement\":[{\"@type\":\"ListItem\",\"position\":1,\"name\":\"Accueil\",\"item\":\"https:\/\/connect.emploitic.com\/\"},{\"@type\":\"ListItem\",\"position\":2,\"name\":\"Sponsor\"}]},{\"@type\":\"WebSite\",\"@id\":\"https:\/\/connect.emploitic.com\/#website\",\"url\":\"https:\/\/connect.emploitic.com\/\",\"name\":\"Connect\",\"description\":\"Emploitic connect Le plus Grand Salon Emploi, M\u00e9tier &amp; Carri\u00e8re\",\"publisher\":{\"@id\":\"https:\/\/connect.emploitic.com\/#organization\"},\"potentialAction\":[{\"@type\":\"SearchAction\",\"target\":{\"@type\":\"EntryPoint\",\"urlTemplate\":\"https:\/\/connect.emploitic.com\/?s={search_term_string}\"},\"query-input\":{\"@type\":\"PropertyValueSpecification\",\"valueRequired\":true,\"valueName\":\"search_term_string\"}}],\"inLanguage\":\"en-US\"},{\"@type\":\"Organization\",\"@id\":\"https:\/\/connect.emploitic.com\/#organization\",\"name\":\"Connect\",\"url\":\"https:\/\/connect.emploitic.com\/\",\"logo\":{\"@type\":\"ImageObject\",\"inLanguage\":\"en-US\",\"@id\":\"https:\/\/connect.emploitic.com\/#\/schema\/logo\/image\/\",\"url\":\"https:\/\/connect.emploitic.com\/wp-content\/uploads\/2023\/12\/logo-connect.svg\",\"contentUrl\":\"https:\/\/connect.emploitic.com\/wp-content\/uploads\/2023\/12\/logo-connect.svg\",\"width\":279,\"height\":55,\"caption\":\"Connect\"},\"image\":{\"@id\":\"https:\/\/connect.emploitic.com\/#\/schema\/logo\/image\/\"},\"sameAs\":[\"http:\/\/www.facebook.com\/Emploiticcom\",\"https:\/\/x.com\/_Emploitic_\"]}]}<\/script>\n<!-- \/ Yoast SEO plugin. -->","yoast_head_json":{"title":"Sponsor - Connect","robots":{"index":"index","follow":"follow","max-snippet":"max-snippet:-1","max-image-preview":"max-image-preview:large","max-video-preview":"max-video-preview:-1"},"canonical":"https:\/\/connect.emploitic.com\/index.php\/sponsor\/","og_locale":"en_US","og_type":"article","og_title":"Sponsor - Connect","og_description":"Devenez un partenaire privil\u00e9gi\u00e9 du plus grand salon de recrutement en Alg\u00e9rie ! Sponsor Platinium Logo sur tous les supports (mailings, RS, affichage, \u00e9crans, bornes, salle conf.) Stand 66 m\u00b2 1 conf\u00e9rence (30 min) + 1 Masterclass (1h) Acc\u00e8s au Studio Marque Employeur 5 mailings d\u2019invitations personnalis\u00e9s Posts sponsoris\u00e9s sur RS Passages TV &amp; Radio Pr\u00e9sence dans la vid\u00e9o r\u00e9cap &amp; newsletter Sponsor Gold Logo sur tous les supports Stand 48 m\u00b2 1 conf\u00e9rence + 1 Masterclass Acc\u00e8s au Studio Marque Employeur 3 mailings d\u2019invitations personnalis\u00e9s Posts sponsoris\u00e9s sur RS Passages TV &amp; Radio Pr\u00e9sence dans la vid\u00e9o r\u00e9cap &amp; newsletter Sponsor Silver Logo sur tous les supports Stand 34 m\u00b2 1 conf\u00e9rence + 1 Masterclass Acc\u00e8s au Studio Marque Employeur 2 mailings d\u2019invitations personnalis\u00e9s Posts sponsoris\u00e9s sur RS Passages TV &amp; Radio Pr\u00e9sence dans la vid\u00e9o r\u00e9cap &amp; newsletter Sponsor Bronze Logo sur tous les supports Stand 24 m\u00b2 1 conf\u00e9rence + 1 Masterclass 1 mailing d\u2019invitations personnalis\u00e9 Posts sponsoris\u00e9s sur RS Passages TV &amp; Radio Pr\u00e9sence dans la vid\u00e9o r\u00e9cap &amp; newsletter","og_url":"https:\/\/connect.emploitic.com\/index.php\/sponsor\/","og_site_name":"Connect","article_publisher":"http:\/\/www.facebook.com\/Emploiticcom","article_modified_time":"2025-09-22T10:05:41+00:00","og_image":[{"width":2401,"height":1401,"url":"https:\/\/connect.emploitic.com\/wp-content\/uploads\/2025\/09\/cover-mailing-CO26Artboard-29-copy.png","type":"image\/png"}],"twitter_card":"summary_large_image","twitter_site":"@_Emploitic_","twitter_misc":{"Est. reading time":"1 minute"},"schema":{"@context":"https:\/\/schema.org","@graph":[{"@type":"WebPage","@id":"https:\/\/connect.emploitic.com\/index.php\/sponsor\/","url":"https:\/\/connect.emploitic.com\/index.php\/sponsor\/","name":"Sponsor - Connect","isPartOf":{"@id":"https:\/\/connect.emploitic.com\/#website"},"primaryImageOfPage":{"@id":"https:\/\/connect.emploitic.com\/index.php\/sponsor\/#primaryimage"},"image":{"@id":"https:\/\/connect.emploitic.com\/index.php\/sponsor\/#primaryimage"},"thumbnailUrl":"https:\/\/connect.emploitic.com\/wp-content\/uploads\/2025\/09\/cover-mailing-CO26Artboard-29-copy.png","datePublished":"2024-11-26T09:59:57+00:00","dateModified":"2025-09-22T10:05:41+00:00","breadcrumb":{"@id":"https:\/\/connect.emploitic.com\/index.php\/sponsor\/#breadcrumb"},"inLanguage":"en-US","potentialAction":[{"@type":"ReadAction","target":["https:\/\/connect.emploitic.com\/index.php\/sponsor\/"]}]},{"@type":"ImageObject","inLanguage":"en-US","@id":"https:\/\/connect.emploitic.com\/index.php\/sponsor\/#primaryimage","url":"https:\/\/connect.emploitic.com\/wp-content\/uploads\/2025\/09\/cover-mailing-CO26Artboard-29-copy.png","contentUrl":"https:\/\/connect.emploitic.com\/wp-content\/uploads\/2025\/09\/cover-mailing-CO26Artboard-29-copy.png","width":2401,"height":1401},{"@type":"BreadcrumbList","@id":"https:\/\/connect.emploitic.com\/index.php\/sponsor\/#breadcrumb","itemListElement":[{"@type":"ListItem","position":1,"name":"Accueil","item":"https:\/\/connect.emploitic.com\/"},{"@type":"ListItem","position":2,"name":"Sponsor"}]},{"@type":"WebSite","@id":"https:\/\/connect.emploitic.com\/#website","url":"https:\/\/connect.emploitic.com\/","name":"Connect","description":"Emploitic connect Le plus Grand Salon Emploi, M\u00e9tier &amp; Carri\u00e8re","publisher":{"@id":"https:\/\/connect.emploitic.com\/#organization"},"potentialAction":[{"@type":"SearchAction","target":{"@type":"EntryPoint","urlTemplate":"https:\/\/connect.emploitic.com\/?s={search_term_string}"},"query-input":{"@type":"PropertyValueSpecification","valueRequired":true,"valueName":"search_term_string"}}],"inLanguage":"en-US"},{"@type":"Organization","@id":"https:\/\/connect.emploitic.com\/#organization","name":"Connect","url":"https:\/\/connect.emploitic.com\/","logo":{"@type":"ImageObject","inLanguage":"en-US","@id":"https:\/\/connect.emploitic.com\/#\/schema\/logo\/image\/","url":"https:\/\/connect.emploitic.com\/wp-content\/uploads\/2023\/12\/logo-connect.svg","contentUrl":"https:\/\/connect.emploitic.com\/wp-content\/uploads\/2023\/12\/logo-connect.svg","width":279,"height":55,"caption":"Connect"},"image":{"@id":"https:\/\/connect.emploitic.com\/#\/schema\/logo\/image\/"},"sameAs":["http:\/\/www.facebook.com\/Emploiticcom","https:\/\/x.com\/_Emploitic_"]}]}},"_links":{"self":[{"href":"https:\/\/connect.emploitic.com\/index.php\/wp-json\/wp\/v2\/pages\/30145","targetHints":{"allow":["GET"]}}],"collection":[{"href":"https:\/\/connect.emploitic.com\/index.php\/wp-json\/wp\/v2\/pages"}],"about":[{"href":"https:\/\/connect.emploitic.com\/index.php\/wp-json\/wp\/v2\/types\/page"}],"author":[{"embeddable":true,"href":"https:\/\/connect.emploitic.com\/index.php\/wp-json\/wp\/v2\/users\/3"}],"replies":[{"embeddable":true,"href":"https:\/\/connect.emploitic.com\/index.php\/wp-json\/wp\/v2\/comments?post=30145"}],"version-history":[{"count":27,"href":"https:\/\/connect.emploitic.com\/index.php\/wp-json\/wp\/v2\/pages\/30145\/revisions"}],"predecessor-version":[{"id":31024,"href":"https:\/\/connect.emploitic.com\/index.php\/wp-json\/wp\/v2\/pages\/30145\/revisions\/31024"}],"wp:featuredmedia":[{"embeddable":true,"href":"https:\/\/connect.emploitic.com\/index.php\/wp-json\/wp\/v2\/media\/31002"}],"wp:attachment":[{"href":"https:\/\/connect.emploitic.com\/index.php\/wp-json\/wp\/v2\/media?parent=30145"}],"curies":[{"name":"wp","href":"https:\/\/api.w.org\/{rel}","templated":true}]}}